{"id":310,"date":"2025-02-10T12:00:00","date_gmt":"2025-02-10T11:00:00","guid":{"rendered":"https:\/\/demosites.io\/web-agency-gb\/?page_id=5"},"modified":"2026-01-27T18:01:56","modified_gmt":"2026-01-27T17:01:56","slug":"15c42-web-agency-gb-home","status":"publish","type":"page","link":"https:\/\/zimmerei-schlenker.de\/","title":{"rendered":"Home"},"content":{"rendered":"\n<div class=\"wp-block-cover alignfull is-light\" style=\"min-height:700px;aspect-ratio:unset;\"><img loading=\"lazy\" decoding=\"async\" width=\"2560\" height=\"1707\" class=\"wp-block-cover__image-background wp-image-518\" alt=\"\" src=\"https:\/\/zimmerei-schlenker.de\/wp-content\/uploads\/2025\/03\/DSCF4552_3-scaled.jpg\" data-object-fit=\"cover\" srcset=\"https:\/\/zimmerei-schlenker.de\/wp-content\/uploads\/2025\/03\/DSCF4552_3-scaled.jpg 2560w, https:\/\/zimmerei-schlenker.de\/wp-content\/uploads\/2025\/03\/DSCF4552_3-300x200.jpg 300w, https:\/\/zimmerei-schlenker.de\/wp-content\/uploads\/2025\/03\/DSCF4552_3-1024x683.jpg 1024w, https:\/\/zimmerei-schlenker.de\/wp-content\/uploads\/2025\/03\/DSCF4552_3-768x512.jpg 768w, https:\/\/zimmerei-schlenker.de\/wp-content\/uploads\/2025\/03\/DSCF4552_3-1536x1024.jpg 1536w, https:\/\/zimmerei-schlenker.de\/wp-content\/uploads\/2025\/03\/DSCF4552_3-2048x1365.jpg 2048w, https:\/\/zimmerei-schlenker.de\/wp-content\/uploads\/2025\/03\/DSCF4552_3-930x620.jpg 930w\" sizes=\"auto, (max-width: 2560px) 100vw, 2560px\" \/><span aria-hidden=\"true\" class=\"wp-block-cover__background has-background-dim-0 has-background-dim\" style=\"background-color:#9c9892\"><\/span><div class=\"wp-block-cover__inner-container is-layout-flow wp-block-cover-is-layout-flow\">\n<div style=\"height:80px\" aria-hidden=\"true\" class=\"wp-block-spacer\"><\/div>\n\n\n\n<h1 class=\"wp-block-heading has-text-align-center has-text-color\" style=\"color:#121212\">ZIMMEREI &amp; HOLZBAU NAHE RAVENSBURG<\/h1>\n\n\n\n<p class=\"has-text-align-center has-text-color\" style=\"color:#121212\">Zimmerei-Handwerk, Energieberatung und Holzbau-L\u00f6sungen rund um Ravensburg, die Bodenseeregion, Oberschwaben und dar\u00fcber hinaus \u2013 pr\u00e4zise, nachhaltig und regional.<br>.<\/p>\n\n\n\n<div class=\"wp-block-buttons is-horizontal is-content-justification-center is-layout-flex wp-container-core-buttons-is-layout-499968f5 wp-block-buttons-is-layout-flex\">\n<div class=\"wp-block-button is-style-primary\"><a class=\"wp-block-button__link wp-element-button\" href=\"https:\/\/zimmerei-schlenker.de\/?page_id=312\">PROJEKT ANFRAGEN<\/a><\/div>\n\n\n\n<div class=\"wp-block-button is-style-secondary\"><a class=\"wp-block-button__link wp-element-button\" href=\"https:\/\/zimmerei-schlenker.de\/?page_id=317\u2197\">KONTAKT AUFNEHMEN<\/a><\/div>\n<\/div>\n\n\n\n<div style=\"height:80px\" aria-hidden=\"true\" class=\"wp-block-spacer\"><\/div>\n\n\n\n<div style=\"height:80px\" aria-hidden=\"true\" class=\"wp-block-spacer\"><\/div>\n<\/div><\/div>\n\n\n\n<div style=\"height:80px\" aria-hidden=\"true\" class=\"wp-block-spacer\"><\/div>\n\n\n\n<div class=\"wp-block-columns is-layout-flex wp-container-core-columns-is-layout-9d6595d7 wp-block-columns-is-layout-flex\">\n<div class=\"wp-block-column is-layout-flow wp-block-column-is-layout-flow\"><div class=\"wp-block-image icon-style is-style-rounded animated backInDown\">\n<figure class=\"aligncenter size-large\"><img decoding=\"async\" src=\"https:\/\/zimmerei-schlenker.de\/wp-content\/uploads\/2020\/01\/neve-webdesign-GB-03.png\" alt=\"\" class=\"wp-image-20\" title=\"\"\/><\/figure>\n<\/div>\n\n\n<div style=\"height:20px\" aria-hidden=\"true\" class=\"wp-block-spacer\"><\/div>\n\n\n\n<h3 class=\"wp-block-heading has-text-align-center has-neve-text-color-color has-text-color\">Regionalit\u00e4t<\/h3>\n\n\n\n<p class=\"has-text-align-center\"><br>Als Zimmerei nahe Ravensburg sind wir fest in <strong>Oberschwaben und im Bodenseeraum<\/strong> verwurzelt. Kurze Wege, pers\u00f6nliche Betreuung und gute Erreichbarkeit sorgen f\u00fcr reibungslose Abl\u00e4ufe \u2013 vom ersten Gespr\u00e4ch bis zur Umsetzung.<\/p>\n\n\n\n<div style=\"height:20px\" aria-hidden=\"true\" class=\"wp-block-spacer\"><\/div>\n<\/div>\n\n\n\n<div class=\"wp-block-column is-layout-flow wp-block-column-is-layout-flow\"><div class=\"wp-block-image icon-style is-style-rounded animated backInDown\">\n<figure class=\"aligncenter size-large\"><img decoding=\"async\" src=\"https:\/\/zimmerei-schlenker.de\/wp-content\/uploads\/2020\/01\/neve-webdesign-GB-04.png\" alt=\"\" class=\"wp-image-21\"\/><\/figure>\n<\/div>\n\n\n<div style=\"height:20px\" aria-hidden=\"true\" class=\"wp-block-spacer\"><\/div>\n\n\n\n<h3 class=\"wp-block-heading has-text-align-center has-neve-text-color-color has-text-color\">Ehrliche &amp; transparente Angebote<\/h3>\n\n\n\n<p class=\"has-text-align-center\">Sie erhalten bei uns klar nachvollziehbare Angebote ohne versteckte Kosten. <br>Wir erkl\u00e4ren, was gemacht wird \u2013 und warum. So haben Sie von Anfang an Planungssicherheit.<\/p>\n\n\n\n<div style=\"height:20px\" aria-hidden=\"true\" class=\"wp-block-spacer\"><\/div>\n<\/div>\n\n\n\n<div class=\"wp-block-column is-layout-flow wp-block-column-is-layout-flow\"><div class=\"wp-block-image icon-style is-style-rounded animated backInDown\">\n<figure class=\"aligncenter size-large\"><img decoding=\"async\" src=\"https:\/\/zimmerei-schlenker.de\/wp-content\/uploads\/2020\/01\/neve-webdesign-GB-01.png\" alt=\"\" class=\"wp-image-18\"\/><\/figure>\n<\/div>\n\n\n<div style=\"height:20px\" aria-hidden=\"true\" class=\"wp-block-spacer\"><\/div>\n\n\n\n<h3 class=\"wp-block-heading has-text-align-center has-neve-text-color-color has-text-color\">Zuverl\u00e4ssige Terminplanung<\/h3>\n\n\n\n<p class=\"has-text-align-center\"><br>Wir halten Absprachen ein und arbeiten strukturiert. <br>F\u00fcr Sie hei\u00dft das: realistische Zeitpl\u00e4ne, saubere Abl\u00e4ufe und eine termingerechte Umsetzung Ihres Projekts.<\/p>\n\n\n\n<div style=\"height:20px\" aria-hidden=\"true\" class=\"wp-block-spacer\"><\/div>\n<\/div>\n<\/div>\n\n\n\n<div style=\"height:80px\" aria-hidden=\"true\" class=\"wp-block-spacer\"><\/div>\n\n\n\n<div class=\"wp-block-cover alignfull\" style=\"min-height:600px;aspect-ratio:unset;\"><span aria-hidden=\"true\" class=\"wp-block-cover__background has-nv-light-bg-background-color has-background-dim-100 has-background-dim\"><\/span><div class=\"wp-block-cover__inner-container is-layout-flow wp-block-cover-is-layout-flow\">\n<div class=\"wp-block-group\"><div class=\"wp-block-group__inner-container is-layout-flow wp-block-group-is-layout-flow\">\n<div style=\"height:80px\" aria-hidden=\"true\" class=\"wp-block-spacer\"><\/div>\n\n\n\n<div class=\"wp-block-columns are-vertically-aligned-center is-layout-flex wp-container-core-columns-is-layout-9d6595d7 wp-block-columns-is-layout-flex\">\n<div class=\"wp-block-column is-vertically-aligned-center is-layout-flow wp-block-column-is-layout-flow\" style=\"flex-basis:50%\">\n<figure class=\"wp-block-image size-full\"><img loading=\"lazy\" decoding=\"async\" width=\"1404\" height=\"1404\" src=\"https:\/\/zimmerei-schlenker.de\/wp-content\/uploads\/2025\/03\/DSCF4527-scaled-e1741441148258.jpg\" alt=\"\" class=\"wp-image-517\" srcset=\"https:\/\/zimmerei-schlenker.de\/wp-content\/uploads\/2025\/03\/DSCF4527-scaled-e1741441148258.jpg 1404w, https:\/\/zimmerei-schlenker.de\/wp-content\/uploads\/2025\/03\/DSCF4527-scaled-e1741441148258-300x300.jpg 300w, https:\/\/zimmerei-schlenker.de\/wp-content\/uploads\/2025\/03\/DSCF4527-scaled-e1741441148258-1024x1024.jpg 1024w, https:\/\/zimmerei-schlenker.de\/wp-content\/uploads\/2025\/03\/DSCF4527-scaled-e1741441148258-150x150.jpg 150w, https:\/\/zimmerei-schlenker.de\/wp-content\/uploads\/2025\/03\/DSCF4527-scaled-e1741441148258-768x768.jpg 768w\" sizes=\"auto, (max-width: 1404px) 100vw, 1404px\" \/><\/figure>\n<\/div>\n\n\n\n<div class=\"wp-block-column is-vertically-aligned-center is-layout-flow wp-block-column-is-layout-flow\" style=\"flex-basis:50%\">\n<div style=\"height:20px\" aria-hidden=\"true\" class=\"wp-block-spacer\"><\/div>\n\n\n\n<h3 class=\"wp-block-heading has-text-align-left has-neve-text-color-color has-text-color\">ZIMMEREI &amp; HOLZBAU<br>regional + vielseitig<\/h3>\n\n\n\n<p class=\"has-text-align-left has-neve-text-color-color has-text-color\" style=\"font-size:17px\">Als Zimmerei in Horgenzell nahe Ravensburg verbinden wir traditionelles Zimmererhandwerk mit moderner Technik. <br>In unserer <strong>Werkstattgemeinschaft mit einem erfahrenen Schreinerbetrieb<\/strong> entstehen hochwertige Holzbau- und Innenausbau-L\u00f6sungen aus einer Hand.<\/p>\n\n\n\n<p class=\"has-text-align-left has-neve-text-color-color has-text-color\" style=\"font-size:17px\">Ob Holzrahmenbau, Dachstuhl, Sanierung oder individuelle Sonderanfertigungen \u2013 wir realisieren Projekte in <strong>Oberschwaben, dem Bodenseeraum<\/strong> <strong>und dar\u00fcber hinaus<\/strong> \u2013 pr\u00e4zise, nachhaltig und mit einem hohen Anspruch an Qualit\u00e4t.<\/p>\n\n\n\n<div class=\"wp-block-buttons is-horizontal is-content-justification-left is-layout-flex wp-container-core-buttons-is-layout-7e5fce0a wp-block-buttons-is-layout-flex\">\n<div class=\"wp-block-button is-style-primary\"><a class=\"wp-block-button__link wp-element-button\" href=\"https:\/\/zimmerei-schlenker.de\/?page_id=312\">MEHR ZUR ZIMMEREI<\/a><\/div>\n<\/div>\n<\/div>\n<\/div>\n\n\n\n<div style=\"height:40px\" aria-hidden=\"true\" class=\"wp-block-spacer\"><\/div>\n<\/div><\/div>\n<\/div><\/div>\n\n\n\n<div class=\"wp-block-cover alignfull\" style=\"min-height:600px;aspect-ratio:unset;\"><span aria-hidden=\"true\" class=\"wp-block-cover__background has-nv-site-bg-background-color has-background-dim-100 has-background-dim\"><\/span><div class=\"wp-block-cover__inner-container is-layout-flow wp-block-cover-is-layout-flow\">\n<div class=\"wp-block-group\"><div class=\"wp-block-group__inner-container is-layout-flow wp-block-group-is-layout-flow\">\n<div style=\"height:80px\" aria-hidden=\"true\" class=\"wp-block-spacer\"><\/div>\n\n\n\n<div class=\"wp-block-columns are-vertically-aligned-center is-layout-flex wp-container-core-columns-is-layout-9d6595d7 wp-block-columns-is-layout-flex\">\n<div class=\"wp-block-column is-vertically-aligned-center is-layout-flow wp-block-column-is-layout-flow\" style=\"flex-basis:50%\">\n<h3 class=\"wp-block-heading has-text-align-left has-neve-text-color-color has-text-color\">ENERGIEBERATUNG <br>f\u00f6rderf\u00e4hig + verst\u00e4ndlich<\/h3>\n\n\n\n<p class=\"has-text-align-left has-neve-text-color-color has-text-color\" style=\"font-size:17px\">Als eingetragener Energieberater in der <strong>EEE-Liste<\/strong> unterst\u00fctzen wir Sie bei der energetischen Optimierung Ihres Geb\u00e4udes \u2013 von der ersten Analyse bis zur Umsetzung.<\/p>\n\n\n\n<p class=\"has-text-align-left has-neve-text-color-color has-text-color\" style=\"font-size:17px\">Wir zeigen Ihnen, <strong>wie Sie Energie sparen, F\u00f6rdermittel nutzen (z. B. KfW\/BAFA)<\/strong> <strong>und langfristig Kosten senken<\/strong>. Der gro\u00dfe Vorteil: Planung, Energieberatung und handwerkliche Umsetzung kommen bei uns aus einer Hand.<\/p>\n\n\n\n<div class=\"wp-block-buttons is-horizontal is-content-justification-left is-layout-flex wp-container-core-buttons-is-layout-7e5fce0a wp-block-buttons-is-layout-flex\">\n<div class=\"wp-block-button is-style-primary\"><a class=\"wp-block-button__link wp-element-button\" href=\"https:\/\/zimmerei-schlenker.de\/web-agency-gb-portfolio-single\/\">MEHR ZUR ENERGIEBERATUNG<\/a><\/div>\n<\/div>\n\n\n\n<div style=\"height:40px\" aria-hidden=\"true\" class=\"wp-block-spacer\"><\/div>\n<\/div>\n\n\n\n<div class=\"wp-block-column is-vertically-aligned-center is-layout-flow wp-block-column-is-layout-flow\" style=\"flex-basis:50%\">\n<figure class=\"wp-block-image size-large\"><img loading=\"lazy\" decoding=\"async\" width=\"1024\" height=\"1024\" src=\"https:\/\/zimmerei-schlenker.de\/wp-content\/uploads\/2025\/03\/DSCF4555-scaled-e1741441458898-1024x1024.jpg\" alt=\"\" class=\"wp-image-522\" srcset=\"https:\/\/zimmerei-schlenker.de\/wp-content\/uploads\/2025\/03\/DSCF4555-scaled-e1741441458898-1024x1024.jpg 1024w, https:\/\/zimmerei-schlenker.de\/wp-content\/uploads\/2025\/03\/DSCF4555-scaled-e1741441458898-300x300.jpg 300w, https:\/\/zimmerei-schlenker.de\/wp-content\/uploads\/2025\/03\/DSCF4555-scaled-e1741441458898-150x150.jpg 150w, https:\/\/zimmerei-schlenker.de\/wp-content\/uploads\/2025\/03\/DSCF4555-scaled-e1741441458898-768x768.jpg 768w, https:\/\/zimmerei-schlenker.de\/wp-content\/uploads\/2025\/03\/DSCF4555-scaled-e1741441458898-1536x1536.jpg 1536w, https:\/\/zimmerei-schlenker.de\/wp-content\/uploads\/2025\/03\/DSCF4555-scaled-e1741441458898.jpg 1707w\" sizes=\"auto, (max-width: 1024px) 100vw, 1024px\" \/><\/figure>\n<\/div>\n<\/div>\n\n\n\n<div style=\"height:40px\" aria-hidden=\"true\" class=\"wp-block-spacer\"><\/div>\n<\/div><\/div>\n<\/div><\/div>\n\n\n\n<div class=\"wp-block-cover alignfull\" style=\"min-height:600px;aspect-ratio:unset;\"><span aria-hidden=\"true\" class=\"wp-block-cover__background has-nv-dark-bg-background-color has-background-dim-100 has-background-dim\"><\/span><div class=\"wp-block-cover__inner-container is-layout-flow wp-block-cover-is-layout-flow\">\n<div class=\"wp-block-group\"><div class=\"wp-block-group__inner-container is-layout-flow wp-block-group-is-layout-flow\">\n<div style=\"height:80px\" aria-hidden=\"true\" class=\"wp-block-spacer\"><\/div>\n\n\n\n<div class=\"wp-block-columns are-vertically-aligned-center is-layout-flex wp-container-core-columns-is-layout-9d6595d7 wp-block-columns-is-layout-flex\">\n<div class=\"wp-block-column is-vertically-aligned-center is-layout-flow wp-block-column-is-layout-flow\" style=\"flex-basis:50%\">\n<figure class=\"wp-block-image size-large\"><img loading=\"lazy\" decoding=\"async\" width=\"1024\" height=\"1024\" src=\"https:\/\/zimmerei-schlenker.de\/wp-content\/uploads\/2025\/03\/DSCF4499-scaled-e1741441054331-1024x1024.jpg\" alt=\"\" class=\"wp-image-515\" srcset=\"https:\/\/zimmerei-schlenker.de\/wp-content\/uploads\/2025\/03\/DSCF4499-scaled-e1741441054331-1024x1024.jpg 1024w, https:\/\/zimmerei-schlenker.de\/wp-content\/uploads\/2025\/03\/DSCF4499-scaled-e1741441054331-300x300.jpg 300w, https:\/\/zimmerei-schlenker.de\/wp-content\/uploads\/2025\/03\/DSCF4499-scaled-e1741441054331-150x150.jpg 150w, https:\/\/zimmerei-schlenker.de\/wp-content\/uploads\/2025\/03\/DSCF4499-scaled-e1741441054331-768x768.jpg 768w, https:\/\/zimmerei-schlenker.de\/wp-content\/uploads\/2025\/03\/DSCF4499-scaled-e1741441054331-1536x1536.jpg 1536w, https:\/\/zimmerei-schlenker.de\/wp-content\/uploads\/2025\/03\/DSCF4499-scaled-e1741441054331.jpg 1707w\" sizes=\"auto, (max-width: 1024px) 100vw, 1024px\" \/><\/figure>\n<\/div>\n\n\n\n<div class=\"wp-block-column is-vertically-aligned-center is-layout-flow wp-block-column-is-layout-flow\" style=\"flex-basis:50%\">\n<h2 class=\"wp-block-heading has-text-align-left has-nv-text-dark-bg-color has-text-color\">Werte, die wir t\u00e4glich leben<\/h2>\n\n\n\n<p class=\"has-text-align-left has-nv-text-dark-bg-color has-text-color\" style=\"font-size:17px\"><br><strong>Verl\u00e4sslichkeit<\/strong><br>Wir sagen, was wir tun \u2013 und tun, was wir sagen.<\/p>\n\n\n\n<p class=\"has-text-align-left has-nv-text-dark-bg-color has-text-color\" style=\"font-size:17px\"><strong>Qualit\u00e4t im Detail<\/strong><br>Saubere Ausf\u00fchrung, langlebige Materialien und L\u00f6sungen, die auch in 20 Jahren noch \u00fcberzeugen.<\/p>\n\n\n\n<p class=\"has-text-align-left has-nv-text-dark-bg-color has-text-color\" style=\"font-size:17px\"><strong>N\u00e4he zum Kunden<\/strong><br>Kurze Wege, pers\u00f6nliche Betreuung und ein offenes Ohr \u2013 vom ersten Gespr\u00e4ch bis zur Fertigstellung.<\/p>\n<\/div>\n<\/div>\n\n\n\n<div style=\"height:50px\" aria-hidden=\"true\" class=\"wp-block-spacer\"><\/div>\n<\/div><\/div>\n<\/div><\/div>\n\n\n\n<div class=\"wp-block-cover alignfull\" style=\"min-height:600px;aspect-ratio:unset;\"><span aria-hidden=\"true\" class=\"wp-block-cover__background has-nv-site-bg-background-color has-background-dim-100 has-background-dim\"><\/span><div class=\"wp-block-cover__inner-container is-layout-flow wp-block-cover-is-layout-flow\">\n<div class=\"wp-block-group\"><div class=\"wp-block-group__inner-container is-layout-flow wp-block-group-is-layout-flow\">\n<div style=\"height:80px\" aria-hidden=\"true\" class=\"wp-block-spacer\"><\/div>\n\n\n\n<h2 class=\"wp-block-heading has-neve-text-color-color has-text-color\">Ausgew\u00e4hlte Arbeiten aus Oberschwaben &amp; dem Bodenseeraum<\/h2>\n\n\n\n<div style=\"height:20px\" aria-hidden=\"true\" class=\"wp-block-spacer\"><\/div>\n\n\n\n<div class=\"wp-block-columns are-vertically-aligned-center is-layout-flex wp-container-core-columns-is-layout-9d6595d7 wp-block-columns-is-layout-flex\">\n<div class=\"wp-block-column is-vertically-aligned-center is-layout-flow wp-block-column-is-layout-flow\" style=\"flex-basis:50%\">\n<figure class=\"wp-block-image size-large\"><img loading=\"lazy\" decoding=\"async\" width=\"1024\" height=\"1024\" src=\"https:\/\/zimmerei-schlenker.de\/wp-content\/uploads\/2025\/02\/Treppenhaus-scaled-e1739182577667-1024x1024.jpg\" alt=\"\" class=\"wp-image-407\" srcset=\"https:\/\/zimmerei-schlenker.de\/wp-content\/uploads\/2025\/02\/Treppenhaus-scaled-e1739182577667-1024x1024.jpg 1024w, https:\/\/zimmerei-schlenker.de\/wp-content\/uploads\/2025\/02\/Treppenhaus-scaled-e1739182577667-300x300.jpg 300w, https:\/\/zimmerei-schlenker.de\/wp-content\/uploads\/2025\/02\/Treppenhaus-scaled-e1739182577667-150x150.jpg 150w, https:\/\/zimmerei-schlenker.de\/wp-content\/uploads\/2025\/02\/Treppenhaus-scaled-e1739182577667-768x768.jpg 768w, https:\/\/zimmerei-schlenker.de\/wp-content\/uploads\/2025\/02\/Treppenhaus-scaled-e1739182577667-1536x1536.jpg 1536w, https:\/\/zimmerei-schlenker.de\/wp-content\/uploads\/2025\/02\/Treppenhaus-scaled-e1739182577667.jpg 1707w\" sizes=\"auto, (max-width: 1024px) 100vw, 1024px\" \/><\/figure>\n\n\n\n<div style=\"height:40px\" aria-hidden=\"true\" class=\"wp-block-spacer\"><\/div>\n<\/div>\n\n\n\n<div class=\"wp-block-column is-vertically-aligned-center is-layout-flow wp-block-column-is-layout-flow\" style=\"flex-basis:50%\">\n<figure class=\"wp-block-image size-large\"><img loading=\"lazy\" decoding=\"async\" width=\"1024\" height=\"1024\" src=\"https:\/\/zimmerei-schlenker.de\/wp-content\/uploads\/2025\/02\/St\ufffdlpschalung-aus-L\u201erche-Sagerauh-scaled-e1739182613252-1024x1024.jpg\" alt=\"\" class=\"wp-image-408\" style=\"aspect-ratio:1;object-fit:cover\" srcset=\"https:\/\/zimmerei-schlenker.de\/wp-content\/uploads\/2025\/02\/St\ufffdlpschalung-aus-L\u201erche-Sagerauh-scaled-e1739182613252-1024x1024.jpg 1024w, https:\/\/zimmerei-schlenker.de\/wp-content\/uploads\/2025\/02\/St\ufffdlpschalung-aus-L\u201erche-Sagerauh-scaled-e1739182613252-300x300.jpg 300w, https:\/\/zimmerei-schlenker.de\/wp-content\/uploads\/2025\/02\/St\ufffdlpschalung-aus-L\u201erche-Sagerauh-scaled-e1739182613252-150x150.jpg 150w, https:\/\/zimmerei-schlenker.de\/wp-content\/uploads\/2025\/02\/St\ufffdlpschalung-aus-L\u201erche-Sagerauh-scaled-e1739182613252-768x768.jpg 768w, https:\/\/zimmerei-schlenker.de\/wp-content\/uploads\/2025\/02\/St\ufffdlpschalung-aus-L\u201erche-Sagerauh-scaled-e1739182613252-1536x1536.jpg 1536w, https:\/\/zimmerei-schlenker.de\/wp-content\/uploads\/2025\/02\/St\ufffdlpschalung-aus-L\u201erche-Sagerauh-scaled-e1739182613252.jpg 1920w\" sizes=\"auto, (max-width: 1024px) 100vw, 1024px\" \/><\/figure>\n\n\n\n<div style=\"height:40px\" aria-hidden=\"true\" class=\"wp-block-spacer\"><\/div>\n<\/div>\n<\/div>\n\n\n\n<div style=\"height:40px\" aria-hidden=\"true\" class=\"wp-block-spacer\"><\/div>\n<\/div><\/div>\n<\/div><\/div>\n\n\n\n<div class=\"wp-block-cover alignfull\" style=\"min-height:300px;aspect-ratio:unset;\"><span aria-hidden=\"true\" class=\"wp-block-cover__background has-nv-dark-bg-background-color has-background-dim-100 has-background-dim\"><\/span><div class=\"wp-block-cover__inner-container is-layout-flow wp-block-cover-is-layout-flow\">\n<div style=\"height:140px\" aria-hidden=\"true\" class=\"wp-block-spacer\"><\/div>\n\n\n\n<h2 class=\"wp-block-heading has-text-align-center has-nv-text-dark-bg-color has-text-color\">Ihr Projekt in guten H\u00e4nden<\/h2>\n\n\n\n<p class=\"has-text-align-center\">Sie planen ein Bau- oder Sanierungsvorhaben?<br>Wir beraten Sie pers\u00f6nlich und ehrlich \u2013 direkt bei Ihnen vor Ort in Oberschwaben, dem Allg\u00e4u oder am Bodensee.<\/p>\n\n\n\n<div class=\"wp-block-columns is-layout-flex wp-container-core-columns-is-layout-9d6595d7 wp-block-columns-is-layout-flex\">\n<div class=\"wp-block-column is-layout-flow wp-block-column-is-layout-flow\"><\/div>\n\n\n\n<div class=\"wp-block-column is-layout-flow wp-block-column-is-layout-flow\"><\/div>\n<\/div>\n\n\n\n<div class=\"wp-block-buttons is-horizontal is-content-justification-center is-layout-flex wp-container-core-buttons-is-layout-499968f5 wp-block-buttons-is-layout-flex\">\n<div class=\"wp-block-button is-style-primary\"><a class=\"wp-block-button__link wp-element-button\" href=\"https:\/\/zimmerei-schlenker.de\/?page_id=317\">JETZT UNVERBINDLICH ANFRAGEN<\/a><\/div>\n<\/div>\n\n\n\n<div style=\"height:140px\" aria-hidden=\"true\" class=\"wp-block-spacer\"><\/div>\n<\/div><\/div>\n\n\n\n<p><\/p>\n","protected":false},"excerpt":{"rendered":"<p>Regionalit\u00e4t Als Zimmerei nahe Ravensburg sind wir fest in Oberschwaben und im Bodenseeraum verwurzelt. Kurze Wege, pers\u00f6nliche Betreuung und gute Erreichbarkeit sorgen f\u00fcr reibungslose Abl\u00e4ufe \u2013 vom ersten Gespr\u00e4ch bis zur Umsetzung. Ehrliche &amp; transparente Angebote Sie erhalten bei uns klar nachvollziehbare Angebote ohne versteckte Kosten. Wir erkl\u00e4ren, was gemacht wird \u2013 und warum. So&hellip;&nbsp;<a href=\"https:\/\/zimmerei-schlenker.de\/\" rel=\"bookmark\">Weiterlesen &raquo;<span class=\"screen-reader-text\">Home<\/span><\/a><\/p>\n","protected":false},"author":1,"featured_media":0,"parent":0,"menu_order":0,"comment_status":"closed","ping_status":"closed","template":"","meta":{"neve_meta_sidebar":"default","neve_meta_container":"default","neve_meta_enable_content_width":"on","neve_meta_content_width":100,"neve_meta_title_alignment":"left","neve_meta_author_avatar":"","neve_post_elements_order":"","neve_meta_disable_header":"","neve_meta_disable_footer":"","neve_meta_disable_title":"on","_themeisle_gutenberg_block_has_review":false,"footnotes":""},"class_list":["post-310","page","type-page","status-publish","hentry"],"_links":{"self":[{"href":"https:\/\/zimmerei-schlenker.de\/index.php?rest_route=\/wp\/v2\/pages\/310","targetHints":{"allow":["GET"]}}],"collection":[{"href":"https:\/\/zimmerei-schlenker.de\/index.php?rest_route=\/wp\/v2\/pages"}],"about":[{"href":"https:\/\/zimmerei-schlenker.de\/index.php?rest_route=\/wp\/v2\/types\/page"}],"author":[{"embeddable":true,"href":"https:\/\/zimmerei-schlenker.de\/index.php?rest_route=\/wp\/v2\/users\/1"}],"replies":[{"embeddable":true,"href":"https:\/\/zimmerei-schlenker.de\/index.php?rest_route=%2Fwp%2Fv2%2Fcomments&post=310"}],"version-history":[{"count":10,"href":"https:\/\/zimmerei-schlenker.de\/index.php?rest_route=\/wp\/v2\/pages\/310\/revisions"}],"predecessor-version":[{"id":595,"href":"https:\/\/zimmerei-schlenker.de\/index.php?rest_route=\/wp\/v2\/pages\/310\/revisions\/595"}],"wp:attachment":[{"href":"https:\/\/zimmerei-schlenker.de\/index.php?rest_route=%2Fwp%2Fv2%2Fmedia&parent=310"}],"curies":[{"name":"wp","href":"https:\/\/api.w.org\/{rel}","templated":true}]}}