{"id":537,"date":"2025-03-20T09:47:16","date_gmt":"2025-03-20T08:47:16","guid":{"rendered":"https:\/\/zimmerei-schlenker.de\/?page_id=537"},"modified":"2025-03-20T09:47:16","modified_gmt":"2025-03-20T08:47:16","slug":"datenschutzerklaerung","status":"publish","type":"page","link":"https:\/\/zimmerei-schlenker.de\/?page_id=537","title":{"rendered":"Datenschutzerkl\u00e4rung"},"content":{"rendered":"\n<p><\/p>\n\n\n\n<p><strong>1. Verantwortlicher f\u00fcr die Datenverarbeitung<\/strong><\/p>\n\n\n\n<p>Verantwortlich f\u00fcr die Datenverarbeitung auf dieser Website ist:<br><strong>Zimmerei Schlenker<\/strong><br>Inh. Jakob Schlenker<br>Telefon: +4915773990292<br>E-Mail: info@zimmerei-schlenker.de<\/p>\n\n\n\n<p><strong>2. Erhebung und Speicherung personenbezogener Daten sowie Art und Zweck der Verwendung<\/strong><\/p>\n\n\n\n<p>a) <strong>Kontaktformular<\/strong><br>Wenn du das auf der Website bereitgestellte Kontaktformular ausf\u00fcllst, erheben wir die folgenden personenbezogenen Daten:<\/p>\n\n\n\n<ul class=\"wp-block-list\">\n<li>Name<\/li>\n\n\n\n<li>E-Mail-Adresse<\/li>\n\n\n\n<li>[Weitere Felder, die du im Kontaktformular verwendest, z. B. Telefonnummer, Nachrichtentext]<\/li>\n<\/ul>\n\n\n\n<p>Diese Daten werden ausschlie\u00dflich zur Beantwortung deiner Anfrage verwendet und auf Grundlage von <strong>Art. 6 Abs. 1 lit. a DSGVO<\/strong> (Einwilligung) oder <strong>Art. 6 Abs. 1 lit. f DSGVO<\/strong> (berechtigtes Interesse, die Anfrage zu beantworten) verarbeitet.<\/p>\n\n\n\n<p>Die Daten, die du \u00fcber das Kontaktformular eingibst, werden nur so lange gespeichert, wie dies f\u00fcr die Bearbeitung deiner Anfrage erforderlich ist. Danach werden die Daten gel\u00f6scht, es sei denn, gesetzliche Aufbewahrungspflichten verlangen eine l\u00e4ngere Speicherung.<\/p>\n\n\n\n<p>b) <strong>E-Mail-Kontakt<\/strong><br>Wenn du uns per E-Mail kontaktierst, werden die von dir \u00fcbermittelten Daten (z. B. Name, E-Mail-Adresse, Inhalt der E-Mail) zur Bearbeitung deiner Anfrage verarbeitet. Auch diese Daten werden nur so lange gespeichert, wie dies f\u00fcr die Bearbeitung deiner Anfrage erforderlich ist und basieren auf <strong>Art. 6 Abs. 1 lit. f DSGVO<\/strong> (berechtigtes Interesse an der Kommunikation).<\/p>\n\n\n\n<p><strong>3. Weitergabe von Daten<\/strong><br>Eine \u00dcbermittlung deiner personenbezogenen Daten an Dritte erfolgt nicht, es sei denn, dies ist f\u00fcr die Bearbeitung deiner Anfrage erforderlich (z. B. durch einen Dienstleister f\u00fcr die IT-Infrastruktur) oder es besteht eine gesetzliche Verpflichtung zur Weitergabe der Daten.<\/p>\n\n\n\n<p><strong>4. Speicherdauer<\/strong><br>Die Daten, die \u00fcber das Kontaktformular oder per E-Mail \u00fcbermittelt werden, speichern wir nur so lange, wie dies f\u00fcr die Bearbeitung deiner Anfrage erforderlich ist. Danach werden die Daten gel\u00f6scht, es sei denn, gesetzliche Aufbewahrungspflichten (z. B. aus steuerrechtlichen Gr\u00fcnden) erfordern eine l\u00e4ngere Speicherung.<\/p>\n\n\n\n<p><strong>5. Deine Rechte<\/strong><br>Du hast das Recht:<\/p>\n\n\n\n<ul class=\"wp-block-list\">\n<li><strong>Auskunft<\/strong> zu verlangen, welche personenbezogenen Daten wir \u00fcber dich gespeichert haben (Art. 15 DSGVO).<\/li>\n\n\n\n<li><strong>Berichtigung<\/strong> unrichtiger oder <strong>Vervollst\u00e4ndigung<\/strong> unvollst\u00e4ndiger Daten zu verlangen (Art. 16 DSGVO).<\/li>\n\n\n\n<li><strong>L\u00f6schung<\/strong> deiner personenbezogenen Daten zu verlangen (Art. 17 DSGVO), sofern keine gesetzlichen Aufbewahrungspflichten bestehen.<\/li>\n\n\n\n<li><strong>Einschr\u00e4nkung der Verarbeitung<\/strong> zu verlangen (Art. 18 DSGVO).<\/li>\n\n\n\n<li><strong>Daten\u00fcbertragbarkeit<\/strong> zu verlangen (Art. 20 DSGVO), sofern dies technisch m\u00f6glich ist.<\/li>\n\n\n\n<li><strong>Widerspruch<\/strong> gegen die Verarbeitung deiner personenbezogenen Daten einzulegen (Art. 21 DSGVO).<\/li>\n<\/ul>\n\n\n\n<p>Wenn du der Meinung bist, dass die Verarbeitung deiner Daten gegen die DSGVO verst\u00f6\u00dft, kannst du dich bei der zust\u00e4ndigen <strong>Aufsichtsbeh\u00f6rde<\/strong> beschweren. Die Kontaktdaten der Aufsichtsbeh\u00f6rde sind auf der Website des Bundesbeauftragten f\u00fcr den Datenschutz und die Informationsfreiheit (<a>https:\/\/www.bfdi.bund.de<\/a>) zu finden.<\/p>\n\n\n\n<p><strong>6. Sicherheit der Daten<\/strong><br>Wir treffen technische und organisatorische Ma\u00dfnahmen, um deine personenbezogenen Daten vor unberechtigtem Zugriff, Verlust, Zerst\u00f6rung oder Ver\u00e4nderung zu sch\u00fctzen. Dazu geh\u00f6rt unter anderem die Verwendung von sicheren \u00dcbertragungsprotokollen (z. B. HTTPS).<\/p>\n\n\n\n<p><strong>7. \u00c4nderungen dieser Datenschutzerkl\u00e4rung<\/strong><br>Wir behalten uns vor, diese Datenschutzerkl\u00e4rung anzupassen, um sie an ge\u00e4nderte rechtliche Vorgaben oder \u00c4nderungen unserer Dienstleistungen anzupassen. Es gilt die jeweils aktuelle Version dieser Datenschutzerkl\u00e4rung.<\/p>\n","protected":false},"excerpt":{"rendered":"<p>1. Verantwortlicher f\u00fcr die Datenverarbeitung Verantwortlich f\u00fcr die Datenverarbeitung auf dieser Website ist:Zimmerei SchlenkerInh. Jakob SchlenkerTelefon: +4915773990292E-Mail: info@zimmerei-schlenker.de 2. Erhebung und Speicherung personenbezogener Daten sowie Art und Zweck der Verwendung a) KontaktformularWenn du das auf der Website bereitgestellte Kontaktformular ausf\u00fcllst, erheben wir die folgenden personenbezogenen Daten: Diese Daten werden ausschlie\u00dflich zur Beantwortung deiner Anfrage verwendet&hellip;&nbsp;<a href=\"https:\/\/zimmerei-schlenker.de\/?page_id=537\" rel=\"bookmark\">Weiterlesen &raquo;<span class=\"screen-reader-text\">Datenschutzerkl\u00e4rung<\/span><\/a><\/p>\n","protected":false},"author":1,"featured_media":0,"parent":0,"menu_order":0,"comment_status":"closed","ping_status":"closed","template":"","meta":{"neve_meta_sidebar":"","neve_meta_container":"","neve_meta_enable_content_width":"","neve_meta_content_width":0,"neve_meta_title_alignment":"","neve_meta_author_avatar":"","neve_post_elements_order":"","neve_meta_disable_header":"","neve_meta_disable_footer":"","neve_meta_disable_title":"","_themeisle_gutenberg_block_has_review":false,"footnotes":""},"class_list":["post-537","page","type-page","status-publish","hentry"],"_links":{"self":[{"href":"https:\/\/zimmerei-schlenker.de\/index.php?rest_route=\/wp\/v2\/pages\/537","targetHints":{"allow":["GET"]}}],"collection":[{"href":"https:\/\/zimmerei-schlenker.de\/index.php?rest_route=\/wp\/v2\/pages"}],"about":[{"href":"https:\/\/zimmerei-schlenker.de\/index.php?rest_route=\/wp\/v2\/types\/page"}],"author":[{"embeddable":true,"href":"https:\/\/zimmerei-schlenker.de\/index.php?rest_route=\/wp\/v2\/users\/1"}],"replies":[{"embeddable":true,"href":"https:\/\/zimmerei-schlenker.de\/index.php?rest_route=%2Fwp%2Fv2%2Fcomments&post=537"}],"version-history":[{"count":1,"href":"https:\/\/zimmerei-schlenker.de\/index.php?rest_route=\/wp\/v2\/pages\/537\/revisions"}],"predecessor-version":[{"id":539,"href":"https:\/\/zimmerei-schlenker.de\/index.php?rest_route=\/wp\/v2\/pages\/537\/revisions\/539"}],"wp:attachment":[{"href":"https:\/\/zimmerei-schlenker.de\/index.php?rest_route=%2Fwp%2Fv2%2Fmedia&parent=537"}],"curies":[{"name":"wp","href":"https:\/\/api.w.org\/{rel}","templated":true}]}}